{"id":2,"date":"2024-12-17T11:07:28","date_gmt":"2024-12-17T11:07:28","guid":{"rendered":"http:\/\/assist365.local\/?page_id=2"},"modified":"2026-04-17T06:11:20","modified_gmt":"2026-04-17T06:11:20","slug":"home","status":"publish","type":"page","link":"https:\/\/assist-365.com\/blog\/ar\/","title":{"rendered":"Home"},"content":{"rendered":"","protected":false},"excerpt":{"rendered":"","protected":false},"author":2,"featured_media":0,"parent":0,"menu_order":0,"comment_status":"closed","ping_status":"closed","template":"","meta":{"_acf_changed":false,"footnotes":""},"class_list":["post-2","page","type-page","status-publish","hentry"],"acf":[],"yoast_head":"<!-- This site is optimized with the Yoast SEO plugin v27.4 - https:\/\/yoast.com\/product\/yoast-seo-wordpress\/ -->\n<title>Blog de Assist 365 - Tu gu\u00eda esencial para todos tus viajes<\/title>\n<meta name=\"description\" content=\"Bienvenido al Blog de Assist 365: tu gu\u00eda esencial para cada destino. Obt\u00e9n consejos, gu\u00edas y tips para disfrutar viajes seguros e inolvidables.\" \/>\n<meta name=\"robots\" content=\"index, follow, max-snippet:-1, max-image-preview:large, max-video-preview:-1\" \/>\n<link rel=\"canonical\" href=\"https:\/\/assist-365.com\/blog\/ar\/\" \/>\n<meta property=\"og:locale\" content=\"es_ES\" \/>\n<meta property=\"og:type\" content=\"article\" \/>\n<meta property=\"og:title\" content=\"Blog de Assist 365 - Tu gu\u00eda esencial para todos tus viajes\" \/>\n<meta property=\"og:description\" content=\"Bienvenido al Blog de Assist 365: tu gu\u00eda esencial para cada destino. Obt\u00e9n consejos, gu\u00edas y tips para disfrutar viajes seguros e inolvidables.\" \/>\n<meta property=\"og:url\" content=\"https:\/\/assist-365.com\/blog\/ar\/\" \/>\n<meta property=\"og:site_name\" content=\"Assist 365\" \/>\n<meta property=\"article:publisher\" content=\"https:\/\/www.facebook.com\/assist.365.cover\/\" \/>\n<meta property=\"article:modified_time\" content=\"2026-04-17T06:11:20+00:00\" \/>\n<meta name=\"twitter:card\" content=\"summary_large_image\" \/>\n<meta name=\"twitter:site\" content=\"@assist365ok\" \/>\n<script type=\"application\/ld+json\" class=\"yoast-schema-graph\">{\"@context\":\"https:\\\/\\\/schema.org\",\"@graph\":[{\"@type\":\"WebPage\",\"@id\":\"https:\\\/\\\/assist-365.com\\\/blog\\\/ar\\\/\",\"url\":\"https:\\\/\\\/assist-365.com\\\/blog\\\/ar\\\/\",\"name\":\"Blog de Assist 365 - Tu gu\u00eda esencial para todos tus viajes\",\"isPartOf\":{\"@id\":\"https:\\\/\\\/assist-365.com\\\/blog\\\/ar\\\/#website\"},\"datePublished\":\"2024-12-17T11:07:28+00:00\",\"dateModified\":\"2026-04-17T06:11:20+00:00\",\"description\":\"Bienvenido al Blog de Assist 365: tu gu\u00eda esencial para cada destino. Obt\u00e9n consejos, gu\u00edas y tips para disfrutar viajes seguros e inolvidables.\",\"breadcrumb\":{\"@id\":\"https:\\\/\\\/assist-365.com\\\/blog\\\/ar\\\/#breadcrumb\"},\"inLanguage\":\"es-AR\",\"potentialAction\":[{\"@type\":\"ReadAction\",\"target\":[\"https:\\\/\\\/assist-365.com\\\/blog\\\/ar\\\/\"]}]},{\"@type\":\"BreadcrumbList\",\"@id\":\"https:\\\/\\\/assist-365.com\\\/blog\\\/ar\\\/#breadcrumb\",\"itemListElement\":[{\"@type\":\"ListItem\",\"position\":1,\"name\":\"Assist 365\",\"item\":\"https:\\\/\\\/assist-365.com\\\/ar\\\/\"},{\"@type\":\"ListItem\",\"position\":2,\"name\":\"Blog\",\"item\":\"https:\\\/\\\/assist-365.com\\\/blog\\\/ar\\\/\"},{\"@type\":\"ListItem\",\"position\":3,\"name\":\"Home\"}]},{\"@type\":\"WebSite\",\"@id\":\"https:\\\/\\\/assist-365.com\\\/blog\\\/ar\\\/#website\",\"url\":\"https:\\\/\\\/assist-365.com\\\/blog\\\/ar\\\/\",\"name\":\"Assist 365\",\"description\":\"Asistencia al viajero\",\"publisher\":{\"@id\":\"https:\\\/\\\/assist-365.com\\\/blog\\\/ar\\\/#organization\"},\"potentialAction\":[{\"@type\":\"SearchAction\",\"target\":{\"@type\":\"EntryPoint\",\"urlTemplate\":\"https:\\\/\\\/assist-365.com\\\/blog\\\/ar\\\/?s={search_term_string}\"},\"query-input\":{\"@type\":\"PropertyValueSpecification\",\"valueRequired\":true,\"valueName\":\"search_term_string\"}}],\"inLanguage\":\"es-AR\"},{\"@type\":\"Organization\",\"@id\":\"https:\\\/\\\/assist-365.com\\\/blog\\\/ar\\\/#organization\",\"name\":\"Assist 365\",\"url\":\"https:\\\/\\\/assist-365.com\\\/blog\\\/ar\\\/\",\"logo\":{\"@type\":\"ImageObject\",\"inLanguage\":\"es-AR\",\"@id\":\"https:\\\/\\\/assist-365.com\\\/blog\\\/ar\\\/#\\\/schema\\\/logo\\\/image\\\/\",\"url\":\"https:\\\/\\\/assist-365.com\\\/blog\\\/wp-content\\\/uploads\\\/2024\\\/12\\\/Logo-assist.svg\",\"contentUrl\":\"https:\\\/\\\/assist-365.com\\\/blog\\\/wp-content\\\/uploads\\\/2024\\\/12\\\/Logo-assist.svg\",\"width\":1,\"height\":1,\"caption\":\"Assist 365\"},\"image\":{\"@id\":\"https:\\\/\\\/assist-365.com\\\/blog\\\/ar\\\/#\\\/schema\\\/logo\\\/image\\\/\"},\"sameAs\":[\"https:\\\/\\\/www.facebook.com\\\/assist.365.cover\\\/\",\"https:\\\/\\\/x.com\\\/assist365ok\"]}]}<\/script>\n<!-- \/ Yoast SEO plugin. -->","yoast_head_json":{"title":"Blog de Assist 365 - Tu gu\u00eda esencial para todos tus viajes","description":"Bienvenido al Blog de Assist 365: tu gu\u00eda esencial para cada destino. Obt\u00e9n consejos, gu\u00edas y tips para disfrutar viajes seguros e inolvidables.","robots":{"index":"index","follow":"follow","max-snippet":"max-snippet:-1","max-image-preview":"max-image-preview:large","max-video-preview":"max-video-preview:-1"},"canonical":"https:\/\/assist-365.com\/blog\/ar\/","og_locale":"es_ES","og_type":"article","og_title":"Blog de Assist 365 - Tu gu\u00eda esencial para todos tus viajes","og_description":"Bienvenido al Blog de Assist 365: tu gu\u00eda esencial para cada destino. Obt\u00e9n consejos, gu\u00edas y tips para disfrutar viajes seguros e inolvidables.","og_url":"https:\/\/assist-365.com\/blog\/ar\/","og_site_name":"Assist 365","article_publisher":"https:\/\/www.facebook.com\/assist.365.cover\/","article_modified_time":"2026-04-17T06:11:20+00:00","twitter_card":"summary_large_image","twitter_site":"@assist365ok","schema":{"@context":"https:\/\/schema.org","@graph":[{"@type":"WebPage","@id":"https:\/\/assist-365.com\/blog\/ar\/","url":"https:\/\/assist-365.com\/blog\/ar\/","name":"Blog de Assist 365 - Tu gu\u00eda esencial para todos tus viajes","isPartOf":{"@id":"https:\/\/assist-365.com\/blog\/ar\/#website"},"datePublished":"2024-12-17T11:07:28+00:00","dateModified":"2026-04-17T06:11:20+00:00","description":"Bienvenido al Blog de Assist 365: tu gu\u00eda esencial para cada destino. Obt\u00e9n consejos, gu\u00edas y tips para disfrutar viajes seguros e inolvidables.","breadcrumb":{"@id":"https:\/\/assist-365.com\/blog\/ar\/#breadcrumb"},"inLanguage":"es-AR","potentialAction":[{"@type":"ReadAction","target":["https:\/\/assist-365.com\/blog\/ar\/"]}]},{"@type":"BreadcrumbList","@id":"https:\/\/assist-365.com\/blog\/ar\/#breadcrumb","itemListElement":[{"@type":"ListItem","position":1,"name":"Assist 365","item":"https:\/\/assist-365.com\/ar\/"},{"@type":"ListItem","position":2,"name":"Blog","item":"https:\/\/assist-365.com\/blog\/ar\/"},{"@type":"ListItem","position":3,"name":"Home"}]},{"@type":"WebSite","@id":"https:\/\/assist-365.com\/blog\/ar\/#website","url":"https:\/\/assist-365.com\/blog\/ar\/","name":"Assist 365","description":"Asistencia al viajero","publisher":{"@id":"https:\/\/assist-365.com\/blog\/ar\/#organization"},"potentialAction":[{"@type":"SearchAction","target":{"@type":"EntryPoint","urlTemplate":"https:\/\/assist-365.com\/blog\/ar\/?s={search_term_string}"},"query-input":{"@type":"PropertyValueSpecification","valueRequired":true,"valueName":"search_term_string"}}],"inLanguage":"es-AR"},{"@type":"Organization","@id":"https:\/\/assist-365.com\/blog\/ar\/#organization","name":"Assist 365","url":"https:\/\/assist-365.com\/blog\/ar\/","logo":{"@type":"ImageObject","inLanguage":"es-AR","@id":"https:\/\/assist-365.com\/blog\/ar\/#\/schema\/logo\/image\/","url":"https:\/\/assist-365.com\/blog\/wp-content\/uploads\/2024\/12\/Logo-assist.svg","contentUrl":"https:\/\/assist-365.com\/blog\/wp-content\/uploads\/2024\/12\/Logo-assist.svg","width":1,"height":1,"caption":"Assist 365"},"image":{"@id":"https:\/\/assist-365.com\/blog\/ar\/#\/schema\/logo\/image\/"},"sameAs":["https:\/\/www.facebook.com\/assist.365.cover\/","https:\/\/x.com\/assist365ok"]}]}},"_links":{"self":[{"href":"https:\/\/assist-365.com\/blog\/ar\/wp-json\/wp\/v2\/pages\/2","targetHints":{"allow":["GET"]}}],"collection":[{"href":"https:\/\/assist-365.com\/blog\/ar\/wp-json\/wp\/v2\/pages"}],"about":[{"href":"https:\/\/assist-365.com\/blog\/ar\/wp-json\/wp\/v2\/types\/page"}],"author":[{"embeddable":true,"href":"https:\/\/assist-365.com\/blog\/ar\/wp-json\/wp\/v2\/users\/2"}],"replies":[{"embeddable":true,"href":"https:\/\/assist-365.com\/blog\/ar\/wp-json\/wp\/v2\/comments?post=2"}],"version-history":[{"count":23,"href":"https:\/\/assist-365.com\/blog\/ar\/wp-json\/wp\/v2\/pages\/2\/revisions"}],"predecessor-version":[{"id":3208,"href":"https:\/\/assist-365.com\/blog\/ar\/wp-json\/wp\/v2\/pages\/2\/revisions\/3208"}],"wp:attachment":[{"href":"https:\/\/assist-365.com\/blog\/ar\/wp-json\/wp\/v2\/media?parent=2"}],"curies":[{"name":"wp","href":"https:\/\/api.w.org\/{rel}","templated":true}]}}